{"id":1732,"date":"2018-06-21T14:21:46","date_gmt":"2018-06-21T14:21:46","guid":{"rendered":"http:\/\/hotelfushaegjes.com\/?page_id=1732"},"modified":"2018-06-21T14:22:20","modified_gmt":"2018-06-21T14:22:20","slug":"vendndodhja","status":"publish","type":"page","link":"https:\/\/hotelfushaegjes.com\/sq\/vendndodhja\/","title":{"rendered":"Vendndodhja"},"content":{"rendered":"<div class=\"wpb-content-wrapper\"><p>[vc_row full_width=&#8221;stretch_row_content_no_spaces&#8221; css=&#8221;.vc_custom_1529147230357{background-image: url(http:\/\/hotelfushaegjes.com\/wp-content\/uploads\/2018\/06\/valbone-waterfall.jpg?id=1633) !important;background-position: center !important;background-repeat: no-repeat !important;background-size: cover !important;}&#8221; el_class=&#8221;nd_options_overflow_visible_important&#8221;][vc_column][vc_row_inner css=&#8221;.vc_custom_1486118361106{padding-top: 100px !important;padding-bottom: 100px !important;}&#8221; el_class=&#8221;nd_options_bg_greydark_alpha_gradient_3&#8243;][vc_column_inner width=&#8221;1\/3&#8243;][\/vc_column_inner][vc_column_inner width=&#8221;1\/3&#8243; css=&#8221;.vc_custom_1486118458781{padding: 20px !important;}&#8221;] <h1 style=\"color:#ffffff;padding:px;text-align:center;font-size:55px;line-height:55px;letter-spacing: px;font-weight:lighter\" class=\"  nd_options_font_size_40_important_all_iphone nd_options_line_height_40_important_all_iphone nd_options_first_font \">LOKACIONI<\/h1> <div style=\"background-color:;height: 20px\" class=\"nicdark_section  \"><\/div> <p style=\"color:#ffffff;padding:px;text-align:center;font-size:px;line-height:px;letter-spacing: 2px;font-weight:lighter\" class=\"   nd_options_second_font \">GJEJ ATE CFARE JU DUHET AFER HOTELIT<\/p> <div style=\"background-color:;height: 40px\" class=\"nicdark_section  \"><\/div>\n\n    <!--start post search-->\n\t<div id=\"nd_options_autocomplete_search_container\" class=\"nd_options_section nd_options_position_relative nd_options_z_index_98  \">\n\t\t<form method=\"get\" action=\"https:\/\/hotelfushaegjes.com\/sq\/\">\n\t\t    \n\t\t    <input id=\"nd_options_autocomplete_search\" autocomplete=\"off\" value=\"\" name=\"s\" class=\"nd_options_width_100_percentage\" type=\"text\" placeholder=\"Search ...\">\n\t\t    <input type=\"hidden\" id=\"nd_options_autocomplete_search_category_slug\" name=\"category_name\" value=\"around-us\">\n\t\t    <input class=\"nd_options_cursor_pointer nd_options_position_absolute nd_options_border_width_0 nd_options_right_0 nd_options_top_0\" type=\"submit\" id=\"nd_options_autocomplete_search_button\" value=\"\">\n\t\t    \n\t\t    <!--results-->\n\t\t    <div id=\"nd_options_autocomplete_search_result\" class=\"nd_options_top_45 nd_options_margin_top_20 nd_options_box_sizing_border_box nd_options_position_absolute nd_options_bg_white nd_options_width_100_percentage\"><\/div>\n\n\t\t<\/form>\n\t<\/div>\n    <!--end post search-->\n\n[\/vc_column_inner][vc_column_inner width=&#8221;1\/3&#8243;][\/vc_column_inner][\/vc_row_inner][\/vc_column][\/vc_row][vc_row css=&#8221;.vc_custom_1503500566808{margin-top: 50px !important;margin-bottom: 50px !important;}&#8221;][vc_column css=&#8221;.vc_custom_1486118015473{padding-right: 0px !important;padding-left: 0px !important;}&#8221;][vc_row_inner][vc_column_inner width=&#8221;1\/3&#8243;][\/vc_column_inner][vc_column_inner width=&#8221;1\/3&#8243;][\/vc_column_inner][vc_column_inner width=&#8221;1\/3&#8243;][\/vc_column_inner][\/vc_row_inner][\/vc_column][\/vc_row][vc_row][vc_column width=&#8221;1\/2&#8243;][vc_column_text]Parku Komb\u00ebtar i Valbon\u00ebs ndodhet n\u00eb veri t\u00eb Shqip\u00ebris\u00eb n\u00eb Alpet Shqiptare. Ai mbulon 80 km2 p\u00ebrgjat\u00eb lumit me t\u00eb nj\u00ebjtin em\u00ebr, lumi Valbona. Parku \u00ebsht\u00eb i pasur me nj\u00eb flor\u00eb dhe faun\u00eb t\u00eb gjer\u00eb. P\u00ebrgjat\u00eb lugin\u00ebs ka shum\u00eb fshatra t\u00eb vegj\u00ebl.[\/vc_column_text][\/vc_column][vc_column width=&#8221;1\/2&#8243;][vc_column_text]Jo shum\u00eb njer\u00ebz jetojn\u00eb n\u00eb ato fshatra, por ata q\u00eb jetojn\u00eb atje jan\u00eb disa nga njer\u00ebzit m\u00eb mikprit\u00ebs n\u00eb Shqip\u00ebri. Gjat\u00eb vizit\u00ebs tuaj n\u00eb Valbona do t\u00eb takoni shum\u00eb banor\u00eb vendas dhe turist\u00eb.[\/vc_column_text][\/vc_column][\/vc_row][vc_row css=&#8221;.vc_custom_1492008828909{margin-top: 40px !important;}&#8221;][vc_column] <h2 style=\"color:#727475;padding:px;text-align:;font-size:25px;line-height:25px;letter-spacing: px;font-weight:normal\" class=\"   nd_options_first_font \">Aktivitete<\/h2> <div style=\"background-color:;height: 20px\" class=\"nicdark_section  \"><\/div>[vc_column_text]Ka shum\u00eb aktivitete q\u00eb mund t\u00eb b\u00ebni n\u00eb Valbon\u00eb. Ju mund t\u00eb shkoni p\u00ebr nj\u00eb sh\u00ebtitje t\u00eb shkurt\u00ebr n\u00eb zon\u00ebn p\u00ebrreth ose b\u00ebni nje ecje gjat\u00eb gjith\u00eb dit\u00ebs. Shkoni Parkun Kombetar t\u00eb Theth-it p\u00ebr 6-7 or\u00eb nga Valbona ose b\u00ebni nj\u00eb ecje dhe arrini ne bjeshket e Tropoj\u00ebs, si n\u00eb Doberdol. N\u00ebse doni t\u00eb q\u00ebndroni m\u00eb gjat\u00eb n\u00eb Valbon\u00eb at\u00ebher\u00eb nuk ka problem, ju mund t\u00eb gjeni shum\u00eb shtigje p\u00ebr brenda Parkut Komb\u00ebtar q\u00eb do t&#8217;ju mbaj\u00eb t\u00eb z\u00ebn\u00eb gjat\u00eb gjith\u00eb dit\u00ebs.[\/vc_column_text][\/vc_column][\/vc_row][vc_row css=&#8221;.vc_custom_1492008848756{margin-top: 20px !important;}&#8221;][vc_column width=&#8221;1\/2&#8243;]\n    <div style=\"text-align:center\" class=\"nd_options_section\">\n      <img decoding=\"async\" alt=\"\" style=\"width:100%\" class=\" nd_options_margin_0 nd_options_padding_0 \" src=\"https:\/\/hotelfushaegjes.com\/wp-content\/uploads\/2017\/08\/valbone-valley-national.jpg\">\n    <\/div>\n   [\/vc_column][vc_column width=&#8221;1\/2&#8243;]\n    <div style=\"text-align:center\" class=\"nd_options_section\">\n      <img decoding=\"async\" alt=\"\" style=\"width:100%\" class=\" nd_options_margin_0 nd_options_padding_0 \" src=\"https:\/\/hotelfushaegjes.com\/wp-content\/uploads\/2017\/08\/valbone-national-park-activities.jpg\">\n    <\/div>\n   [\/vc_column][\/vc_row]<\/p>\n<\/div>","protected":false},"excerpt":{"rendered":"<p>[vc_row full_width=&#8221;stretch_row_content_no_spaces&#8221; css=&#8221;.vc_custom_1529147230357{background-image: url(http:\/\/hotelfushaegjes.com\/wp-content\/uploads\/2018\/06\/valbone-waterfall.jpg?id=1633) !important;background-position: center !important;background-repeat: no-repeat !important;background-size: cover !important;}&#8221; el_class=&#8221;nd_options_overflow_visible_important&#8221;][vc_column][vc_row_inner css=&#8221;.vc_custom_1486118361106{padding-top: 100px !important;padding-bottom: 100px !important;}&#8221; el_class=&#8221;nd_options_bg_greydark_alpha_gradient_3&#8243;][vc_column_inner width=&#8221;1\/3&#8243;][\/vc_column_inner][vc_column_inner width=&#8221;1\/3&#8243; css=&#8221;.vc_custom_1486118458781{padding: 20px !important;}&#8221;][\/vc_column_inner][vc_column_inner width=&#8221;1\/3&#8243;][\/vc_column_inner][\/vc_row_inner][\/vc_column][\/vc_row][vc_row css=&#8221;.vc_custom_1503500566808{margin-top: 50px !important;margin-bottom: 50px !important;}&#8221;][vc_column css=&#8221;.vc_custom_1486118015473{padding-right: 0px !important;padding-left: 0px !important;}&#8221;][vc_row_inner][vc_column_inner width=&#8221;1\/3&#8243;][\/vc_column_inner][vc_column_inner width=&#8221;1\/3&#8243;][\/vc_column_inner][vc_column_inner width=&#8221;1\/3&#8243;][\/vc_column_inner][\/vc_row_inner][\/vc_column][\/vc_row][vc_row][vc_column width=&#8221;1\/2&#8243;][vc_column_text]Parku Komb\u00ebtar i Valbon\u00ebs ndodhet n\u00eb veri t\u00eb Shqip\u00ebris\u00eb n\u00eb Alpet Shqiptare. Ai mbulon 80 km2 p\u00ebrgjat\u00eb lumit [&hellip;]<\/p>\n","protected":false},"author":1,"featured_media":0,"parent":0,"menu_order":0,"comment_status":"closed","ping_status":"closed","template":"","meta":{"footnotes":""},"yoast_head":"<!-- This site is optimized with the Yoast SEO plugin v23.5 - https:\/\/yoast.com\/wordpress\/plugins\/seo\/ -->\n<title>Vendndodhja &#8211; Hotel Fusha e Gjes<\/title>\n<meta name=\"robots\" content=\"index, follow, max-snippet:-1, max-image-preview:large, max-video-preview:-1\" \/>\n<link rel=\"canonical\" href=\"https:\/\/hotelfushaegjes.com\/sq\/vendndodhja\/\" \/>\n<meta property=\"og:locale\" content=\"sq_AL\" \/>\n<meta property=\"og:type\" content=\"article\" \/>\n<meta property=\"og:title\" content=\"Vendndodhja &#8211; Hotel Fusha e Gjes\" \/>\n<meta property=\"og:description\" content=\"[vc_row full_width=&#8221;stretch_row_content_no_spaces&#8221; css=&#8221;.vc_custom_1529147230357{background-image: url(http:\/\/hotelfushaegjes.com\/wp-content\/uploads\/2018\/06\/valbone-waterfall.jpg?id=1633) !important;background-position: center !important;background-repeat: no-repeat !important;background-size: cover !important;}&#8221; el_class=&#8221;nd_options_overflow_visible_important&#8221;][vc_column][vc_row_inner css=&#8221;.vc_custom_1486118361106{padding-top: 100px !important;padding-bottom: 100px !important;}&#8221; el_class=&#8221;nd_options_bg_greydark_alpha_gradient_3&#8243;][vc_column_inner width=&#8221;1\/3&#8243;][\/vc_column_inner][vc_column_inner width=&#8221;1\/3&#8243; css=&#8221;.vc_custom_1486118458781{padding: 20px !important;}&#8221;][\/vc_column_inner][vc_column_inner width=&#8221;1\/3&#8243;][\/vc_column_inner][\/vc_row_inner][\/vc_column][\/vc_row][vc_row css=&#8221;.vc_custom_1503500566808{margin-top: 50px !important;margin-bottom: 50px !important;}&#8221;][vc_column css=&#8221;.vc_custom_1486118015473{padding-right: 0px !important;padding-left: 0px !important;}&#8221;][vc_row_inner][vc_column_inner width=&#8221;1\/3&#8243;][\/vc_column_inner][vc_column_inner width=&#8221;1\/3&#8243;][\/vc_column_inner][vc_column_inner width=&#8221;1\/3&#8243;][\/vc_column_inner][\/vc_row_inner][\/vc_column][\/vc_row][vc_row][vc_column width=&#8221;1\/2&#8243;][vc_column_text]Parku Komb\u00ebtar i Valbon\u00ebs ndodhet n\u00eb veri t\u00eb Shqip\u00ebris\u00eb n\u00eb Alpet Shqiptare. Ai mbulon 80 km2 p\u00ebrgjat\u00eb lumit [&hellip;]\" \/>\n<meta property=\"og:url\" content=\"https:\/\/hotelfushaegjes.com\/sq\/vendndodhja\/\" \/>\n<meta property=\"og:site_name\" content=\"Hotel Fusha e Gjes\" \/>\n<meta property=\"article:publisher\" content=\"https:\/\/www.facebook.com\/Hotel-Fusha-e-Gjese-Valbone-478953032230227\/\" \/>\n<meta property=\"article:modified_time\" content=\"2018-06-21T14:22:20+00:00\" \/>\n<meta name=\"twitter:card\" content=\"summary_large_image\" \/>\n<meta name=\"twitter:label1\" content=\"Est. reading time\" \/>\n\t<meta name=\"twitter:data1\" content=\"3 minutes\" \/>\n<script type=\"application\/ld+json\" class=\"yoast-schema-graph\">{\"@context\":\"https:\/\/schema.org\",\"@graph\":[{\"@type\":\"WebPage\",\"@id\":\"https:\/\/hotelfushaegjes.com\/sq\/vendndodhja\/\",\"url\":\"https:\/\/hotelfushaegjes.com\/sq\/vendndodhja\/\",\"name\":\"Vendndodhja &#8211; Hotel Fusha e Gjes\",\"isPartOf\":{\"@id\":\"https:\/\/hotelfushaegjes.com\/#website\"},\"datePublished\":\"2018-06-21T14:21:46+00:00\",\"dateModified\":\"2018-06-21T14:22:20+00:00\",\"breadcrumb\":{\"@id\":\"https:\/\/hotelfushaegjes.com\/sq\/vendndodhja\/#breadcrumb\"},\"inLanguage\":\"sq-AL\",\"potentialAction\":[{\"@type\":\"ReadAction\",\"target\":[\"https:\/\/hotelfushaegjes.com\/sq\/vendndodhja\/\"]}]},{\"@type\":\"BreadcrumbList\",\"@id\":\"https:\/\/hotelfushaegjes.com\/sq\/vendndodhja\/#breadcrumb\",\"itemListElement\":[{\"@type\":\"ListItem\",\"position\":1,\"name\":\"Home\",\"item\":\"https:\/\/hotelfushaegjes.com\/sq\/\"},{\"@type\":\"ListItem\",\"position\":2,\"name\":\"Vendndodhja\"}]},{\"@type\":\"WebSite\",\"@id\":\"https:\/\/hotelfushaegjes.com\/#website\",\"url\":\"https:\/\/hotelfushaegjes.com\/\",\"name\":\"Hotel Fusha e Gjes\",\"description\":\"Alpine Hotel Valbone National Park\",\"potentialAction\":[{\"@type\":\"SearchAction\",\"target\":{\"@type\":\"EntryPoint\",\"urlTemplate\":\"https:\/\/hotelfushaegjes.com\/?s={search_term_string}\"},\"query-input\":{\"@type\":\"PropertyValueSpecification\",\"valueRequired\":true,\"valueName\":\"search_term_string\"}}],\"inLanguage\":\"sq-AL\"}]}<\/script>\n<!-- \/ Yoast SEO plugin. -->","yoast_head_json":{"title":"Vendndodhja &#8211; Hotel Fusha e Gjes","robots":{"index":"index","follow":"follow","max-snippet":"max-snippet:-1","max-image-preview":"max-image-preview:large","max-video-preview":"max-video-preview:-1"},"canonical":"https:\/\/hotelfushaegjes.com\/sq\/vendndodhja\/","og_locale":"sq_AL","og_type":"article","og_title":"Vendndodhja &#8211; Hotel Fusha e Gjes","og_description":"[vc_row full_width=&#8221;stretch_row_content_no_spaces&#8221; css=&#8221;.vc_custom_1529147230357{background-image: url(http:\/\/hotelfushaegjes.com\/wp-content\/uploads\/2018\/06\/valbone-waterfall.jpg?id=1633) !important;background-position: center !important;background-repeat: no-repeat !important;background-size: cover !important;}&#8221; el_class=&#8221;nd_options_overflow_visible_important&#8221;][vc_column][vc_row_inner css=&#8221;.vc_custom_1486118361106{padding-top: 100px !important;padding-bottom: 100px !important;}&#8221; el_class=&#8221;nd_options_bg_greydark_alpha_gradient_3&#8243;][vc_column_inner width=&#8221;1\/3&#8243;][\/vc_column_inner][vc_column_inner width=&#8221;1\/3&#8243; css=&#8221;.vc_custom_1486118458781{padding: 20px !important;}&#8221;][\/vc_column_inner][vc_column_inner width=&#8221;1\/3&#8243;][\/vc_column_inner][\/vc_row_inner][\/vc_column][\/vc_row][vc_row css=&#8221;.vc_custom_1503500566808{margin-top: 50px !important;margin-bottom: 50px !important;}&#8221;][vc_column css=&#8221;.vc_custom_1486118015473{padding-right: 0px !important;padding-left: 0px !important;}&#8221;][vc_row_inner][vc_column_inner width=&#8221;1\/3&#8243;][\/vc_column_inner][vc_column_inner width=&#8221;1\/3&#8243;][\/vc_column_inner][vc_column_inner width=&#8221;1\/3&#8243;][\/vc_column_inner][\/vc_row_inner][\/vc_column][\/vc_row][vc_row][vc_column width=&#8221;1\/2&#8243;][vc_column_text]Parku Komb\u00ebtar i Valbon\u00ebs ndodhet n\u00eb veri t\u00eb Shqip\u00ebris\u00eb n\u00eb Alpet Shqiptare. Ai mbulon 80 km2 p\u00ebrgjat\u00eb lumit [&hellip;]","og_url":"https:\/\/hotelfushaegjes.com\/sq\/vendndodhja\/","og_site_name":"Hotel Fusha e Gjes","article_publisher":"https:\/\/www.facebook.com\/Hotel-Fusha-e-Gjese-Valbone-478953032230227\/","article_modified_time":"2018-06-21T14:22:20+00:00","twitter_card":"summary_large_image","twitter_misc":{"Est. reading time":"3 minutes"},"schema":{"@context":"https:\/\/schema.org","@graph":[{"@type":"WebPage","@id":"https:\/\/hotelfushaegjes.com\/sq\/vendndodhja\/","url":"https:\/\/hotelfushaegjes.com\/sq\/vendndodhja\/","name":"Vendndodhja &#8211; Hotel Fusha e Gjes","isPartOf":{"@id":"https:\/\/hotelfushaegjes.com\/#website"},"datePublished":"2018-06-21T14:21:46+00:00","dateModified":"2018-06-21T14:22:20+00:00","breadcrumb":{"@id":"https:\/\/hotelfushaegjes.com\/sq\/vendndodhja\/#breadcrumb"},"inLanguage":"sq-AL","potentialAction":[{"@type":"ReadAction","target":["https:\/\/hotelfushaegjes.com\/sq\/vendndodhja\/"]}]},{"@type":"BreadcrumbList","@id":"https:\/\/hotelfushaegjes.com\/sq\/vendndodhja\/#breadcrumb","itemListElement":[{"@type":"ListItem","position":1,"name":"Home","item":"https:\/\/hotelfushaegjes.com\/sq\/"},{"@type":"ListItem","position":2,"name":"Vendndodhja"}]},{"@type":"WebSite","@id":"https:\/\/hotelfushaegjes.com\/#website","url":"https:\/\/hotelfushaegjes.com\/","name":"Hotel Fusha e Gjes","description":"Alpine Hotel Valbone National Park","potentialAction":[{"@type":"SearchAction","target":{"@type":"EntryPoint","urlTemplate":"https:\/\/hotelfushaegjes.com\/?s={search_term_string}"},"query-input":{"@type":"PropertyValueSpecification","valueRequired":true,"valueName":"search_term_string"}}],"inLanguage":"sq-AL"}]}},"_links":{"self":[{"href":"https:\/\/hotelfushaegjes.com\/sq\/wp-json\/wp\/v2\/pages\/1732"}],"collection":[{"href":"https:\/\/hotelfushaegjes.com\/sq\/wp-json\/wp\/v2\/pages"}],"about":[{"href":"https:\/\/hotelfushaegjes.com\/sq\/wp-json\/wp\/v2\/types\/page"}],"author":[{"embeddable":true,"href":"https:\/\/hotelfushaegjes.com\/sq\/wp-json\/wp\/v2\/users\/1"}],"replies":[{"embeddable":true,"href":"https:\/\/hotelfushaegjes.com\/sq\/wp-json\/wp\/v2\/comments?post=1732"}],"version-history":[{"count":1,"href":"https:\/\/hotelfushaegjes.com\/sq\/wp-json\/wp\/v2\/pages\/1732\/revisions"}],"predecessor-version":[{"id":1733,"href":"https:\/\/hotelfushaegjes.com\/sq\/wp-json\/wp\/v2\/pages\/1732\/revisions\/1733"}],"wp:attachment":[{"href":"https:\/\/hotelfushaegjes.com\/sq\/wp-json\/wp\/v2\/media?parent=1732"}],"curies":[{"name":"wp","href":"https:\/\/api.w.org\/{rel}","templated":true}]}}